{"id":1512,"date":"2023-11-07T22:15:02","date_gmt":"2023-11-07T22:15:02","guid":{"rendered":"https:\/\/mascon.se\/?page_id=1512"},"modified":"2024-04-18T20:44:23","modified_gmt":"2024-04-18T20:44:23","slug":"rekrytering","status":"publish","type":"page","link":"https:\/\/mascon.se\/en\/rekrytering\/","title":{"rendered":"Rekrytering"},"content":{"rendered":"<style>.kb-row-layout-id1512_05d3d9-9b > .kt-row-column-wrap{align-content:start;}:where(.kb-row-layout-id1512_05d3d9-9b > .kt-row-column-wrap) > .wp-block-kadence-column{justify-content:start;}.kb-row-layout-id1512_05d3d9-9b > .kt-row-column-wrap{column-gap:var(--global-kb-gap-md, 2rem);row-gap:var(--global-kb-gap-md, 2rem);padding-top:var(--global-kb-spacing-sm, 1.5rem);padding-bottom:var(--global-kb-spacing-sm, 1.5rem);grid-template-columns:minmax(0, 1fr);}.kb-row-layout-id1512_05d3d9-9b > .kt-row-layout-overlay{opacity:0.30;}@media all and (max-width: 1024px){.kb-row-layout-id1512_05d3d9-9b > .kt-row-column-wrap{grid-template-columns:minmax(0, 1fr);}}@media all and (max-width: 767px){.kb-row-layout-id1512_05d3d9-9b > .kt-row-column-wrap{grid-template-columns:minmax(0, 1fr);}}<\/style><div class=\"kb-row-layout-wrap kb-row-layout-id1512_05d3d9-9b alignnone wp-block-kadence-rowlayout\"><div class=\"kt-row-column-wrap kt-has-1-columns kt-row-layout-equal kt-tab-layout-inherit kt-mobile-layout-row kt-row-valign-top\">\n<style>.kadence-column1512_8e4ad0-14 > .kt-inside-inner-col,.kadence-column1512_8e4ad0-14 > .kt-inside-inner-col:before{border-top-left-radius:0px;border-top-right-radius:0px;border-bottom-right-radius:0px;border-bottom-left-radius:0px;}.kadence-column1512_8e4ad0-14 > .kt-inside-inner-col:before{opacity:0.3;}.kadence-column1512_8e4ad0-14{position:relative;}<\/style>\n<div class=\"wp-block-kadence-column kadence-column1512_8e4ad0-14\"><div class=\"kt-inside-inner-col\">\n<div class=\"wp-block-columns is-layout-flex wp-container-2 wp-block-columns-is-layout-flex\">\n<div class=\"wp-block-column is-layout-flow wp-block-column-is-layout-flow\" style=\"flex-basis:100%\"><style>.kadence-column1512_2d2ca5-05 > .kt-inside-inner-col,.kadence-column1512_2d2ca5-05 > .kt-inside-inner-col:before{border-top-left-radius:0px;border-top-right-radius:0px;border-bottom-right-radius:0px;border-bottom-left-radius:0px;}.kadence-column1512_2d2ca5-05 > .kt-inside-inner-col:before{opacity:0.3;}.kadence-column1512_2d2ca5-05{position:relative;}<\/style>\n<div class=\"wp-block-kadence-column kadence-column1512_2d2ca5-05\"><div class=\"kt-inside-inner-col\"><\/div><\/div>\n\n\n\n<p class=\"has-text-align-left\">P\u00e5 Mascon AB\u00a0hj\u00e4lper vi ditt f\u00f6retag till en lyckad\u00a0rekrytering. Vi har gedigen erfarenhet och vet vad som kr\u00e4vs f\u00f6r att hitta r\u00e4tt medarbetare. En bra\u00a0rekrytering\u00a0\u00e4r en chans f\u00f6r dig som chef att utveckla din verksamhet. Lyckade rekryteringar kr\u00e4ver mindre\u00a0resurser\u00a0\u00e4n mindre lyckade. F\u00f6rberedelsemomentet \u00e4r avg\u00f6rande f\u00f6r rekryteringens framg\u00e5ng. Det \u00e4r d\u00e4rf\u00f6r viktigt att f\u00f6rberedelserna \u00e4r noga genomarbetade. Vi tipsar om hur du kan g\u00e5 tillv\u00e4ga i f\u00f6rberedelsestegen, och samtidigt applicera ett likabehandlingsperspektiv. Utg\u00e5ngspunkten vid en rekrytering \u00e4r att arbetsgivaren \u00e4r fri att anst\u00e4lla vem hen vill. Det finns inga lagar som direkt reglerar rekryteringsprocessen, dock finns det lagar som ger vissa arbetss\u00f6kande r\u00e4ttigheter som en arbetsgivare b\u00f6r ta h\u00e4nsyn till i rekryteringsprocessen.<\/p>\n<\/div>\n<\/div>\n<\/div><\/div>\n\n<\/div><\/div>\n\n<style>.kadence-column1512_c14f97-d6 > .kt-inside-inner-col,.kadence-column1512_c14f97-d6 > .kt-inside-inner-col:before{border-top-left-radius:0px;border-top-right-radius:0px;border-bottom-right-radius:0px;border-bottom-left-radius:0px;}.kadence-column1512_c14f97-d6 > .kt-inside-inner-col:before{opacity:0.3;}.kadence-column1512_c14f97-d6{position:relative;}<\/style>\n<div class=\"wp-block-kadence-column kadence-column1512_c14f97-d6\"><div class=\"kt-inside-inner-col\"><style>.kt-info-box1512_410973-cd .kt-blocks-info-box-link-wrap{padding-top:var(--global-kb-spacing-xs, 1rem);padding-right:var(--global-kb-spacing-xs, 1rem);padding-bottom:var(--global-kb-spacing-xs, 1rem);padding-left:var(--global-kb-spacing-xs, 1rem);}.kt-info-box1512_410973-cd .kadence-info-box-image-inner-intrisic-container{max-width:200px;}.kt-info-box1512_410973-cd .kadence-info-box-image-inner-intrisic-container .kadence-info-box-image-intrisic{padding-bottom:60.5714%;width:175px;height:0px;max-width:100%;}.kt-info-box1512_410973-cd .kt-info-svg-icon, .kt-info-box1512_410973-cd .kt-info-svg-icon-flip, .kt-info-box1512_410973-cd .kt-blocks-info-box-number{font-size:50px;}.kt-info-box1512_410973-cd .kt-blocks-info-box-media{border-top-width:0px;border-right-width:0px;border-bottom-width:0px;border-left-width:0px;padding-top:10px;padding-right:10px;padding-bottom:10px;padding-left:10px;}.kt-info-box1512_410973-cd .kt-blocks-info-box-media-container{margin-top:0px;margin-right:15px;margin-bottom:0px;margin-left:15px;}.kt-info-box1512_410973-cd h2.kt-blocks-info-box-title{padding-top:0px;padding-right:0px;padding-bottom:0px;padding-left:0px;margin-top:5px;margin-right:0px;margin-bottom:10px;margin-left:0px;}.kt-info-box1512_410973-cd .kt-blocks-info-box-learnmore{background:transparent;border-width:0px 0px 0px 0px;padding-top:4px;padding-right:8px;padding-bottom:4px;padding-left:8px;margin:10px 0px 10px 0px;}<\/style>\n<div class=\"wp-block-kadence-infobox kt-info-box1512_410973-cd\"><span class=\"kt-blocks-info-box-link-wrap info-box-link kt-blocks-info-box-media-align-top kt-info-halign-center\"><div class=\"kt-blocks-info-box-media-container\"><div class=\"kt-blocks-info-box-media kt-info-media-animate-none\"><div class=\"kadence-info-box-image-inner-intrisic-container\"><div class=\"kadence-info-box-image-intrisic kt-info-animate-none\"><div class=\"kadence-info-box-image-inner-intrisic\"><img decoding=\"async\" loading=\"lazy\" src=\"https:\/\/mascon.se\/wp-content\/uploads\/\/2023\/11\/Sverige.png\" alt=\"\" width=\"175\" height=\"106\" class=\"kt-info-box-image wp-image-1506\"\/><\/div><\/div><\/div><\/div><\/div><div class=\"kt-infobox-textcontent\"><h2 class=\"kt-blocks-info-box-title\">Rekrytering inom Sverige<\/h2><p class=\"kt-blocks-info-box-text\">V\u00e5ra rekryteringskonsulter jobbar inom flera kompetensomr\u00e5den f\u00f6r att t\u00e4cka ert behov. Mascon s\u00e4kerst\u00e4ller att du f\u00e5r den b\u00e4sta kandidaten. Med v\u00e5r kunskap om kandidatmarknaden och med en kvalitetss\u00e4krad urvalsprocess skapar vi f\u00f6ruts\u00e4ttningar f\u00f6r att vi ska hitta den kandidat du s\u00f6ker. V\u00e5r rekryteringsmetodik bygger p\u00e5 vetenskaplig grund och erfarenhet. V\u00e5ra rekryteringskonsulter \u00e4r givetvis utbildade och erfaren, ofta inom flera olika testverktyg samt s\u00f6kmetoder. De dessutom \u00e4r specialiserade inom det kompetensomr\u00e5de som de verkar inom.\u00a0Nyckeln till en lyckad rekrytering \u00e4r starka kandidatn\u00e4tverk samt f\u00f6rm\u00e5gan att attrahera kandidater som motiveras av er f\u00f6retagsmilj\u00f6 och arbetsuppgifter. <br\/>Vi har ett proaktivt och strukturerat arbetss\u00e4tt f\u00f6r att bygga kandidatn\u00e4tverk inom de specialistomr\u00e5den d\u00e4r vi verkar. <\/p><\/div><\/span><\/div>\n<\/div><\/div>\n\n\n\n<div class=\"wp-block-columns is-layout-flex wp-container-8 wp-block-columns-is-layout-flex\">\n<div class=\"wp-block-column is-layout-flow wp-block-column-is-layout-flow\" style=\"flex-basis:100%\">\n<div class=\"wp-block-group is-layout-constrained wp-block-group-is-layout-constrained\">\n<div class=\"wp-block-columns is-layout-flex wp-container-5 wp-block-columns-is-layout-flex\">\n<div class=\"wp-block-column is-layout-flow wp-block-column-is-layout-flow\" style=\"flex-basis:100%\">\n<div class=\"wp-block-group is-layout-constrained wp-block-group-is-layout-constrained\"><style>.kt-info-box1512_3eed1a-63 .kt-blocks-info-box-link-wrap{padding-top:var(--global-kb-spacing-xs, 1rem);padding-right:var(--global-kb-spacing-xs, 1rem);padding-bottom:var(--global-kb-spacing-xs, 1rem);padding-left:var(--global-kb-spacing-xs, 1rem);}.kt-info-box1512_3eed1a-63 .kadence-info-box-image-inner-intrisic-container{max-width:180px;}.kt-info-box1512_3eed1a-63 .kadence-info-box-image-inner-intrisic-container .kadence-info-box-image-intrisic{padding-bottom:64.3836%;width:219px;height:0px;max-width:100%;}.kt-info-box1512_3eed1a-63 .kt-info-svg-icon, .kt-info-box1512_3eed1a-63 .kt-info-svg-icon-flip, .kt-info-box1512_3eed1a-63 .kt-blocks-info-box-number{font-size:50px;}.kt-info-box1512_3eed1a-63 .kt-blocks-info-box-media{border-top-width:0px;border-right-width:0px;border-bottom-width:0px;border-left-width:0px;padding-top:10px;padding-right:10px;padding-bottom:10px;padding-left:10px;}.kt-info-box1512_3eed1a-63 .kt-blocks-info-box-media-container{margin-top:0px;margin-right:15px;margin-bottom:0px;margin-left:15px;}.kt-info-box1512_3eed1a-63 h2.kt-blocks-info-box-title{padding-top:0px;padding-right:0px;padding-bottom:0px;padding-left:0px;margin-top:5px;margin-right:0px;margin-bottom:10px;margin-left:0px;}.kt-info-box1512_3eed1a-63 .kt-blocks-info-box-learnmore{background:transparent;border-width:0px 0px 0px 0px;padding-top:4px;padding-right:8px;padding-bottom:4px;padding-left:8px;margin:10px 0px 10px 0px;}<\/style>\n<div class=\"wp-block-kadence-infobox kt-info-box1512_3eed1a-63\"><span class=\"kt-blocks-info-box-link-wrap info-box-link kt-blocks-info-box-media-align-top kt-info-halign-center\"><div class=\"kt-blocks-info-box-media-container\"><div class=\"kt-blocks-info-box-media kt-info-media-animate-none\"><div class=\"kadence-info-box-image-inner-intrisic-container\"><div class=\"kadence-info-box-image-intrisic kt-info-animate-none\"><div class=\"kadence-info-box-image-inner-intrisic\"><img decoding=\"async\" loading=\"lazy\" src=\"https:\/\/mascon.se\/wp-content\/uploads\/\/2023\/11\/EU.png\" alt=\"\" width=\"219\" height=\"141\" class=\"kt-info-box-image wp-image-1507\"\/><\/div><\/div><\/div><\/div><\/div><div class=\"kt-infobox-textcontent\"><h2 class=\"kt-blocks-info-box-title\">Rekrytering inom EU\/EES<\/h2><p class=\"kt-blocks-info-box-text\">Mascon arrangerar digitala och fysiska rekryteringstr\u00e4ffar i samarbete med samarbetspartner i andra europeiska l\u00e4nder. <br\/>Du som arbetsgivare har m\u00f6jlighet att delta p\u00e5 rekryteringstr\u00e4ffar digitalt eller p\u00e5 plats och kan d\u00e4rmed n\u00e5 ut till fler medborgare inom EU\/EES. Rekrytering av arbetstagare fr\u00e5n andra l\u00e4nder som tillh\u00f6r Europeiska ekonomiska samarbetsomr\u00e5det (EES) ger din f\u00f6retag en m\u00f6jlighet att finna motiverad och kvalificerad personal. Det kan ocks\u00e5 bidra till att \u00f6ka f\u00f6retagets innovationsf\u00f6rm\u00e5ga och konkurrenskraft. Att s\u00f6ka personal fr\u00e5n andra europeiska l\u00e4nder kan vara sv\u00e5rt om man aldrig har gjort det f\u00f6rut, men ger dig r\u00e5d och supporta din f\u00f6retag p\u00e5 v\u00e4gen tills du hittar din resurs.<\/p><\/div><\/span><\/div>\n\n\n<style>.kt-info-box1512_1d8573-55 .kt-blocks-info-box-link-wrap{padding-top:var(--global-kb-spacing-xs, 1rem);padding-right:var(--global-kb-spacing-xs, 1rem);padding-bottom:var(--global-kb-spacing-xs, 1rem);padding-left:var(--global-kb-spacing-xs, 1rem);}.kt-info-box1512_1d8573-55 .kadence-info-box-image-inner-intrisic-container{max-width:200px;}.kt-info-box1512_1d8573-55 .kadence-info-box-image-inner-intrisic-container .kadence-info-box-image-intrisic{padding-bottom:76.0369%;width:217px;height:0px;max-width:100%;}.kt-info-box1512_1d8573-55 .kt-info-svg-icon, .kt-info-box1512_1d8573-55 .kt-info-svg-icon-flip, .kt-info-box1512_1d8573-55 .kt-blocks-info-box-number{font-size:50px;}.kt-info-box1512_1d8573-55 .kt-blocks-info-box-media{border-top-width:0px;border-right-width:0px;border-bottom-width:0px;border-left-width:0px;padding-top:10px;padding-right:10px;padding-bottom:10px;padding-left:10px;}.kt-info-box1512_1d8573-55 .kt-blocks-info-box-media-container{margin-top:0px;margin-right:15px;margin-bottom:0px;margin-left:15px;}.kt-info-box1512_1d8573-55 .kt-blocks-info-box-learnmore{background:transparent;border-width:0px 0px 0px 0px;padding-top:4px;padding-right:8px;padding-bottom:4px;padding-left:8px;margin:10px 0px 10px 0px;}<\/style>\n<div class=\"wp-block-kadence-infobox kt-info-box1512_1d8573-55\"><span class=\"kt-blocks-info-box-link-wrap info-box-link kt-blocks-info-box-media-align-top kt-info-halign-center\"><div class=\"kt-blocks-info-box-media-container\"><div class=\"kt-blocks-info-box-media kt-info-media-animate-none\"><div class=\"kadence-info-box-image-inner-intrisic-container\"><div class=\"kadence-info-box-image-intrisic kt-info-animate-none\"><div class=\"kadence-info-box-image-inner-intrisic\"><img decoding=\"async\" loading=\"lazy\" src=\"https:\/\/mascon.se\/wp-content\/uploads\/\/2023\/11\/Internationel.png\" alt=\"\" width=\"217\" height=\"165\" class=\"kt-info-box-image wp-image-1519\"\/><\/div><\/div><\/div><\/div><\/div><div class=\"kt-infobox-textcontent\"><h2 class=\"kt-blocks-info-box-title\">Rekrytering utanf\u00f6r EU<\/h2><p class=\"kt-blocks-info-box-text\">F\u00f6r att en medborgare fr\u00e5n tredje land kunna arbeta i Sverige beh\u00f6vs alltid ett arbetstillst\u00e5nd alternativt ett uppeh\u00e5llstillst\u00e5nd. Vad som kr\u00e4vs beror p\u00e5 vad personen ska arbeta som, under hur l\u00e5ng tid samt vilket land personen kommer ifr\u00e5n. Vi i Sverige saknar nationella insatser med syfte att attrahera internationella talanger samtidigt som nya regler f\u00f6rsv\u00e5rar f\u00f6r h\u00f6gkvalificerad arbetskraftsinvandring. Arbetstillst\u00e5ndet \u00e4r kopplat till en viss arbetsgivare och ett visst yrke, byter man yrke eller arbetsgivare beh\u00f6ver personen s\u00f6ka nytt arbetstillst\u00e5nd. Vid arbetstillst\u00e5nd kortare tid \u00e4n ett \u00e5r \u00e4r det krav p\u00e5 att personen har en helt\u00e4ckande sjukf\u00f6rs\u00e4kring. N\u00e4r du ska anst\u00e4llda en utl\u00e4ndsk medborgare har du som arbetsgivare ett stort ansvar. Vi p\u00e5 Mascon hj\u00e4lper dig fr\u00e5n f\u00f6rsta steg under urvalsprocessen tills din utvalda kandidat f\u00e5r arbetstillst\u00e5nd och b\u00f6rja sitt arbete i Sverige.<br\/><br\/> <\/p><\/div><\/span><\/div>\n<\/div>\n<\/div>\n<\/div>\n<\/div>\n<\/div>\n<\/div>\n\n\n<style>.kadence-column1512_6b9a06-b1 > .kt-inside-inner-col,.kadence-column1512_6b9a06-b1 > .kt-inside-inner-col:before{border-top-left-radius:0px;border-top-right-radius:0px;border-bottom-right-radius:0px;border-bottom-left-radius:0px;}.kadence-column1512_6b9a06-b1 > .kt-inside-inner-col:before{opacity:0.3;}.kadence-column1512_6b9a06-b1{position:relative;}<\/style>\n<div class=\"wp-block-kadence-column kadence-column1512_6b9a06-b1\"><div class=\"kt-inside-inner-col\"><style>.kt-info-box1512_0a191f-17 .kt-blocks-info-box-link-wrap{border-top:5px solid var(--global-palette7, #eeeeee);border-right:5px solid var(--global-palette7, #eeeeee);border-bottom:5px solid var(--global-palette7, #eeeeee);border-left:5px solid var(--global-palette7, #eeeeee);border-top-left-radius:30px;border-top-right-radius:30px;border-bottom-right-radius:30px;border-bottom-left-radius:30px;background:#ffffff;padding-top:var(--global-kb-spacing-xs, 1rem);padding-right:var(--global-kb-spacing-xs, 1rem);padding-bottom:var(--global-kb-spacing-xs, 1rem);padding-left:var(--global-kb-spacing-xs, 1rem);}.kt-info-box1512_0a191f-17 .kadence-info-box-image-inner-intrisic-container{max-width:140px;}.kt-info-box1512_0a191f-17 .kadence-info-box-image-inner-intrisic-container .kadence-info-box-image-intrisic{padding-bottom:100%;width:341px;height:0px;max-width:100%;}.kt-info-box1512_0a191f-17 .kt-info-svg-icon, .kt-info-box1512_0a191f-17 .kt-info-svg-icon-flip, .kt-info-box1512_0a191f-17 .kt-blocks-info-box-number{font-size:50px;}.kt-info-box1512_0a191f-17 .kt-blocks-info-box-media{border-color:var(--global-palette7, #eeeeee);border-radius:200px;border-top-width:0px;border-right-width:0px;border-bottom-width:0px;border-left-width:0px;padding-top:0px;padding-right:0px;padding-bottom:0px;padding-left:0px;margin-top:0px;margin-right:20px;margin-bottom:0px;margin-left:0px;}.kt-info-box1512_0a191f-17 .kt-blocks-info-box-media .kadence-info-box-image-intrisic img{border-radius:200px;}.kt-info-box1512_0a191f-17 h2.kt-blocks-info-box-title{padding-top:0px;padding-right:0px;padding-bottom:0px;padding-left:0px;margin-top:5px;margin-right:0px;margin-bottom:10px;margin-left:0px;}.kt-info-box1512_0a191f-17 .kt-blocks-info-box-learnmore{background:transparent;border-width:0px 0px 0px 0px;padding-top:4px;padding-right:8px;padding-bottom:4px;padding-left:8px;margin:10px 0px 10px 0px;}@media all and (max-width: 1024px){.kt-info-box1512_0a191f-17 .kt-blocks-info-box-link-wrap{border-top:5px solid var(--global-palette7, #eeeeee);border-right:5px solid var(--global-palette7, #eeeeee);border-bottom:5px solid var(--global-palette7, #eeeeee);border-left:5px solid var(--global-palette7, #eeeeee);}}@media all and (max-width: 767px){.kt-info-box1512_0a191f-17 .kt-blocks-info-box-link-wrap{border-top:5px solid var(--global-palette7, #eeeeee);border-right:5px solid var(--global-palette7, #eeeeee);border-bottom:5px solid var(--global-palette7, #eeeeee);border-left:5px solid var(--global-palette7, #eeeeee);}}<\/style>\n<div class=\"wp-block-kadence-infobox kt-info-box1512_0a191f-17\"><span class=\"kt-blocks-info-box-link-wrap info-box-link kt-blocks-info-box-media-align-left kt-info-halign-left kb-info-box-vertical-media-align-top\"><div class=\"kt-blocks-info-box-media-container\"><div class=\"kt-blocks-info-box-media kt-info-media-animate-none\"><div class=\"kadence-info-box-image-inner-intrisic-container\"><div class=\"kadence-info-box-image-intrisic kt-info-animate-none\"><div class=\"kadence-info-box-image-inner-intrisic\"><img decoding=\"async\" loading=\"lazy\" src=\"https:\/\/mascon.se\/wp-content\/uploads\/\/2023\/11\/Certifierad-foretag-hos-Mogrationsverket.png\" alt=\"\" width=\"341\" height=\"341\" class=\"kt-info-box-image wp-image-1528\" srcset=\"https:\/\/mascon.se\/wp-content\/uploads\/2023\/11\/Certifierad-foretag-hos-Mogrationsverket.png 341w, https:\/\/mascon.se\/wp-content\/uploads\/2023\/11\/Certifierad-foretag-hos-Mogrationsverket-300x300.png 300w, https:\/\/mascon.se\/wp-content\/uploads\/2023\/11\/Certifierad-foretag-hos-Mogrationsverket-150x150.png 150w\" sizes=\"(max-width: 341px) 100vw, 341px\" \/><\/div><\/div><\/div><\/div><\/div><div class=\"kt-infobox-textcontent\"><h2 class=\"kt-blocks-info-box-title\">Mascon \u00e4r certifierad av Migrationsverket<\/h2><p class=\"kt-blocks-info-box-text\">Mascon AB \u00e4r certifierad arbetsgivare av Migrationsverket, vilken inneb\u00e4r att ge en snabbare handl\u00e4ggning av arbetstillst\u00e5nd. Handl\u00e4ggningstiden f\u00f6r ans\u00f6kningar om arbetstillst\u00e5nd fr\u00e5n certifierade akt\u00f6rer ges inom tio arbetsdagar.<\/p><\/div><\/span><\/div>\n<\/div><\/div>","protected":false},"excerpt":{"rendered":"<p>P\u00e5 Mascon AB\u00a0hj\u00e4lper vi ditt f\u00f6retag till en lyckad\u00a0rekrytering. Vi har gedigen erfarenhet och vet vad som kr\u00e4vs f\u00f6r att hitta r\u00e4tt medarbetare. En bra\u00a0rekrytering\u00a0\u00e4r en chans f\u00f6r dig som chef att utveckla din verksamhet. Lyckade rekryteringar kr\u00e4ver mindre\u00a0resurser\u00a0\u00e4n mindre lyckade. F\u00f6rberedelsemomentet \u00e4r avg\u00f6rande f\u00f6r rekryteringens framg\u00e5ng. Det \u00e4r d\u00e4rf\u00f6r viktigt att f\u00f6rberedelserna \u00e4r noga&#8230;<\/p>","protected":false},"author":1,"featured_media":0,"parent":0,"menu_order":0,"comment_status":"closed","ping_status":"closed","template":"","meta":{"_kad_post_transparent":"","_kad_post_title":"","_kad_post_layout":"","_kad_post_sidebar_id":"","_kad_post_content_style":"","_kad_post_vertical_padding":"","_kad_post_feature":"","_kad_post_feature_position":"","_kad_post_header":false,"_kad_post_footer":false,"_kad_post_classname":"","footnotes":""},"_links":{"self":[{"href":"https:\/\/mascon.se\/en\/wp-json\/wp\/v2\/pages\/1512"}],"collection":[{"href":"https:\/\/mascon.se\/en\/wp-json\/wp\/v2\/pages"}],"about":[{"href":"https:\/\/mascon.se\/en\/wp-json\/wp\/v2\/types\/page"}],"author":[{"embeddable":true,"href":"https:\/\/mascon.se\/en\/wp-json\/wp\/v2\/users\/1"}],"replies":[{"embeddable":true,"href":"https:\/\/mascon.se\/en\/wp-json\/wp\/v2\/comments?post=1512"}],"version-history":[{"count":16,"href":"https:\/\/mascon.se\/en\/wp-json\/wp\/v2\/pages\/1512\/revisions"}],"predecessor-version":[{"id":1631,"href":"https:\/\/mascon.se\/en\/wp-json\/wp\/v2\/pages\/1512\/revisions\/1631"}],"wp:attachment":[{"href":"https:\/\/mascon.se\/en\/wp-json\/wp\/v2\/media?parent=1512"}],"curies":[{"name":"wp","href":"https:\/\/api.w.org\/{rel}","templated":true}]}}