{"id":1448,"date":"2023-11-05T15:37:26","date_gmt":"2023-11-05T15:37:26","guid":{"rendered":"https:\/\/mascon.se\/?page_id=1448"},"modified":"2023-12-06T21:22:23","modified_gmt":"2023-12-06T21:22:23","slug":"kunskapsprov","status":"publish","type":"page","link":"https:\/\/mascon.se\/en\/kunskapsprov\/","title":{"rendered":"Kunskapsprov"},"content":{"rendered":"<style>.kb-row-layout-id1448_d20cd6-a9 > .kt-row-column-wrap{align-content:start;}:where(.kb-row-layout-id1448_d20cd6-a9 > .kt-row-column-wrap) > .wp-block-kadence-column{justify-content:start;}.kb-row-layout-id1448_d20cd6-a9 > .kt-row-column-wrap{column-gap:var(--global-kb-gap-md, 2rem);row-gap:var(--global-kb-gap-md, 2rem);padding-top:var(--global-kb-spacing-sm, 1.5rem);padding-bottom:var(--global-kb-spacing-sm, 1.5rem);grid-template-columns:minmax(0, 1fr);}.kb-row-layout-id1448_d20cd6-a9 > .kt-row-layout-overlay{opacity:0.30;}@media all and (max-width: 1024px){.kb-row-layout-id1448_d20cd6-a9 > .kt-row-column-wrap{grid-template-columns:minmax(0, 1fr);}}@media all and (max-width: 767px){.kb-row-layout-id1448_d20cd6-a9 > .kt-row-column-wrap{grid-template-columns:minmax(0, 1fr);}}<\/style><div class=\"kb-row-layout-wrap kb-row-layout-id1448_d20cd6-a9 alignnone wp-block-kadence-rowlayout\"><div class=\"kt-row-column-wrap kt-has-1-columns kt-row-layout-equal kt-tab-layout-inherit kt-mobile-layout-row kt-row-valign-top\">\n<style>.kadence-column1448_700c98-b0 > .kt-inside-inner-col,.kadence-column1448_700c98-b0 > .kt-inside-inner-col:before{border-top-left-radius:0px;border-top-right-radius:0px;border-bottom-right-radius:0px;border-bottom-left-radius:0px;}.kadence-column1448_700c98-b0 > .kt-inside-inner-col:before{opacity:0.3;}.kadence-column1448_700c98-b0{position:relative;}<\/style>\n<div class=\"wp-block-kadence-column kadence-column1448_700c98-b0\"><div class=\"kt-inside-inner-col\"><style>.kadence-column1448_4099b7-35 > .kt-inside-inner-col,.kadence-column1448_4099b7-35 > .kt-inside-inner-col:before{border-top-left-radius:0px;border-top-right-radius:0px;border-bottom-right-radius:0px;border-bottom-left-radius:0px;}.kadence-column1448_4099b7-35 > .kt-inside-inner-col:before{opacity:0.3;}.kadence-column1448_4099b7-35{position:relative;}<\/style>\n<div class=\"wp-block-kadence-column kadence-column1448_4099b7-35\"><div class=\"kt-inside-inner-col\">\n<figure class=\"wp-block-gallery aligncenter has-nested-images columns-default is-cropped wp-block-gallery-1 is-layout-flex wp-block-gallery-is-layout-flex\">\n<figure class=\"wp-block-image size-full\"><img decoding=\"async\" loading=\"lazy\" width=\"895\" height=\"311\" src=\"https:\/\/mascon.se\/wp-content\/uploads\/\/2023\/11\/Skarmklipp.png\" alt=\"\" class=\"wp-image-1489\" srcset=\"https:\/\/mascon.se\/wp-content\/uploads\/2023\/11\/Skarmklipp.png 895w, https:\/\/mascon.se\/wp-content\/uploads\/2023\/11\/Skarmklipp-300x104.png 300w, https:\/\/mascon.se\/wp-content\/uploads\/2023\/11\/Skarmklipp-768x267.png 768w\" sizes=\"(max-width: 895px) 100vw, 895px\" \/><\/figure>\n<\/figure>\n<\/div><\/div>\n\n\n<style>.kadence-column1448_519d32-4d > .kt-inside-inner-col,.kadence-column1448_519d32-4d > .kt-inside-inner-col:before{border-top-left-radius:0px;border-top-right-radius:0px;border-bottom-right-radius:0px;border-bottom-left-radius:0px;}.kadence-column1448_519d32-4d > .kt-inside-inner-col:before{opacity:0.3;}.kadence-column1448_519d32-4d{position:relative;}<\/style>\n<div class=\"wp-block-kadence-column kadence-column1448_519d32-4d\"><div class=\"kt-inside-inner-col\">\n<p>Du som vill jobba inom h\u00e4lso- och sjukv\u00e5rden i Sverige, beh\u00f6ver legitimation f\u00f6r vissa yrken. F\u00f6r att f\u00e5 legitimation via Socialstyrelsen beh\u00f6ver du g\u00e5 igenom olika steg. Ta ett steg i taget. Du b\u00f6rjar med att ans\u00f6ka om att f\u00e5 din utbildning granskad och i det sista steget ans\u00f6ker du om legitimation. Mer information om detta hittar du h\u00e4r\u00a0<a href=\"https:\/\/legitimation.socialstyrelsen.se\/legitimation\/\" data-type=\"link\" data-id=\"https:\/\/legitimation.socialstyrelsen.se\/legitimation\/\">Ans\u00f6kan om legitimation f\u00f6r personer som \u00e4r utbildad utanf\u00f6r EU och EES &#8211; Legitimation (socialstyrelsen.se)<\/a>. <\/p>\n\n\n\n<p>Vi p\u00e5 Mascon AB erbjuder f\u00f6rberedelsekurser inf\u00f6r kunskapsprov f\u00f6r vissa yrkesgrupper som har examen fr\u00e5n l\u00e4nder utanf\u00f6r EU-\/EES. Du som har en v\u00e5rdutbildning fr\u00e5n land utanf\u00f6r EU\/EES och som har f\u00e5tt beslut fr\u00e5n Socialstyrelsen att du kan g\u00f6ra kunskapsprovet har m\u00f6jlighet att f\u00f6rbereda dig hos oss f\u00f6r kunskapsprovet. N\u00e4r du f\u00e5tt ett positivt beslut fr\u00e5n Socialstyrelsen kan du skicka din intresseanm\u00e4lan via mail till oss f\u00f6r att bli registrerad p\u00e5 f\u00f6rberedelsekurser f\u00f6r kunskapsprov. Vi kontrollerar din intresseanm\u00e4lan mot Socialstyrelsen och kontaktar dig efter\u00e5t.<\/p>\n\n\n\n<p><\/p>\n\n\n\n<p><\/p>\n\n\n\n<p><\/p>\n<\/div><\/div>\n<\/div><\/div>\n\n<\/div><\/div>","protected":false},"excerpt":{"rendered":"<p>Du som vill jobba inom h\u00e4lso- och sjukv\u00e5rden i Sverige, beh\u00f6ver legitimation f\u00f6r vissa yrken. F\u00f6r att f\u00e5 legitimation via Socialstyrelsen beh\u00f6ver du g\u00e5 igenom olika steg. Ta ett steg i taget. Du b\u00f6rjar med att ans\u00f6ka om att f\u00e5 din utbildning granskad och i det sista steget ans\u00f6ker du om legitimation. Mer information om&#8230;<\/p>","protected":false},"author":1,"featured_media":0,"parent":0,"menu_order":0,"comment_status":"closed","ping_status":"closed","template":"","meta":{"_kad_post_transparent":"","_kad_post_title":"","_kad_post_layout":"","_kad_post_sidebar_id":"","_kad_post_content_style":"","_kad_post_vertical_padding":"","_kad_post_feature":"","_kad_post_feature_position":"","_kad_post_header":false,"_kad_post_footer":false,"_kad_post_classname":"","footnotes":""},"_links":{"self":[{"href":"https:\/\/mascon.se\/en\/wp-json\/wp\/v2\/pages\/1448"}],"collection":[{"href":"https:\/\/mascon.se\/en\/wp-json\/wp\/v2\/pages"}],"about":[{"href":"https:\/\/mascon.se\/en\/wp-json\/wp\/v2\/types\/page"}],"author":[{"embeddable":true,"href":"https:\/\/mascon.se\/en\/wp-json\/wp\/v2\/users\/1"}],"replies":[{"embeddable":true,"href":"https:\/\/mascon.se\/en\/wp-json\/wp\/v2\/comments?post=1448"}],"version-history":[{"count":8,"href":"https:\/\/mascon.se\/en\/wp-json\/wp\/v2\/pages\/1448\/revisions"}],"predecessor-version":[{"id":1592,"href":"https:\/\/mascon.se\/en\/wp-json\/wp\/v2\/pages\/1448\/revisions\/1592"}],"wp:attachment":[{"href":"https:\/\/mascon.se\/en\/wp-json\/wp\/v2\/media?parent=1448"}],"curies":[{"name":"wp","href":"https:\/\/api.w.org\/{rel}","templated":true}]}}