{"id":1443,"date":"2023-11-05T15:33:40","date_gmt":"2023-11-05T15:33:40","guid":{"rendered":"https:\/\/mascon.se\/?page_id=1443"},"modified":"2024-02-06T22:58:44","modified_gmt":"2024-02-06T22:58:44","slug":"sprakutbildning","status":"publish","type":"page","link":"https:\/\/mascon.se\/en\/sprakutbildning\/","title":{"rendered":"Spr\u00e5kutbildning"},"content":{"rendered":"<style>.kb-row-layout-id1443_740648-00 > .kt-row-column-wrap{align-content:start;}:where(.kb-row-layout-id1443_740648-00 > .kt-row-column-wrap) > .wp-block-kadence-column{justify-content:start;}.kb-row-layout-id1443_740648-00 > .kt-row-column-wrap{column-gap:var(--global-kb-gap-md, 2rem);row-gap:var(--global-kb-gap-md, 2rem);padding-top:var(--global-kb-spacing-sm, 1.5rem);grid-template-columns:minmax(0, 1fr);}.kb-row-layout-id1443_740648-00 > .kt-row-layout-overlay{opacity:0.30;}@media all and (max-width: 1024px){.kb-row-layout-id1443_740648-00 > .kt-row-column-wrap{grid-template-columns:minmax(0, 1fr);}}@media all and (max-width: 767px){.kb-row-layout-id1443_740648-00 > .kt-row-column-wrap{grid-template-columns:minmax(0, 1fr);}}<\/style><div class=\"kb-row-layout-wrap kb-row-layout-id1443_740648-00 alignnone wp-block-kadence-rowlayout\"><div class=\"kt-row-column-wrap kt-has-1-columns kt-row-layout-equal kt-tab-layout-inherit kt-mobile-layout-row kt-row-valign-top\">\n<style>.kadence-column1443_0cc646-c7 > .kt-inside-inner-col{padding-right:0px;}.kadence-column1443_0cc646-c7 > .kt-inside-inner-col,.kadence-column1443_0cc646-c7 > .kt-inside-inner-col:before{border-top-left-radius:0px;border-top-right-radius:0px;border-bottom-right-radius:0px;border-bottom-left-radius:0px;}.kadence-column1443_0cc646-c7 > .kt-inside-inner-col{display:flex;flex-direction:row;flex-wrap:wrap;align-items:flex-start;gap:5px;}.kadence-column1443_0cc646-c7 > .kt-inside-inner-col > *, .kadence-column1443_0cc646-c7 > .kt-inside-inner-col > figure.wp-block-image, .kadence-column1443_0cc646-c7 > .kt-inside-inner-col > figure.wp-block-kadence-image{margin-top:0px;margin-bottom:0px;}.kt-row-column-wrap > .kadence-column1443_0cc646-c7{align-self:flex-start;}.kt-inner-column-height-full:not(.kt-has-1-columns) > .wp-block-kadence-column.kadence-column1443_0cc646-c7{align-self:auto;}.kt-inner-column-height-full:not(.kt-has-1-columns) > .wp-block-kadence-column.kadence-column1443_0cc646-c7 > .kt-inside-inner-col{align-items:flex-start;}.kadence-column1443_0cc646-c7 > .kt-inside-inner-col:before{opacity:0.32;}.kadence-column1443_0cc646-c7{position:relative;}@media all and (max-width: 1024px){.kadence-column1443_0cc646-c7 > .kt-inside-inner-col{gap:5px;}}@media all and (min-width: 768px) and (max-width: 1024px){.kadence-column1443_0cc646-c7 > .kt-inside-inner-col > *, .kadence-column1443_0cc646-c7 > .kt-inside-inner-col > figure.wp-block-image, .kadence-column1443_0cc646-c7 > .kt-inside-inner-col > figure.wp-block-kadence-image{margin-top:0px;margin-bottom:0px;}}@media all and (max-width: 767px){.kadence-column1443_0cc646-c7 > .kt-inside-inner-col{gap:5px;}.kadence-column1443_0cc646-c7 > .kt-inside-inner-col > *, .kadence-column1443_0cc646-c7 > .kt-inside-inner-col > figure.wp-block-image, .kadence-column1443_0cc646-c7 > .kt-inside-inner-col > figure.wp-block-kadence-image{margin-top:0px;margin-bottom:0px;}}<\/style>\n<div class=\"wp-block-kadence-column kadence-column1443_0cc646-c7 kb-section-dir-horizontal\"><div class=\"kt-inside-inner-col\"><style>.kb-gallery-id-1443_ada1ee-50 .kadence-blocks-gallery-item .kb-gal-image-radius{border-radius:0px 0px 0px 0px;}<\/style><div class=\"kb-gallery-wrap-id-1443_ada1ee-50 alignnone wp-block-kadence-advancedgallery\"><div class=\"kb-gallery-ul kb-gallery-non-static kb-gallery-type-slider kb-gallery-id-1443_ada1ee-50 kb-gallery-caption-style-bottom-hover kb-gallery-filter-none\" data-image-filter=\"none\" data-lightbox-caption=\"true\"><div class=\"kt-blocks-carousel kt-carousel-container-dotstyle-dark\"><div class=\"kt-blocks-carousel-init kb-blocks-slider kt-carousel-arrowstyle-none kt-carousel-dotstyle-dark\" data-slider-anim-speed=\"400\" data-slider-scroll=\"1\" data-slider-arrows=\"false\" data-slider-fade=\"true\" data-slider-dots=\"true\"data-slider-type=\"slider\"  data-slider-hover-pause=\"false\" data-slider-auto=\"\" data-slider-speed=\"7000\"><div class=\"kb-slide-item kb-gallery-slide-item\"><div class=\"kadence-blocks-gallery-item\"><div class=\"kadence-blocks-gallery-item-inner\"><figure class=\"kb-gallery-figure kadence-blocks-gallery-item-hide-caption\"><div class=\"kb-gal-image-radius\" ><div class=\"kb-gallery-image-contain kadence-blocks-gallery-intrinsic kb-gallery-image-ratio-land43 kb-has-image-ratio-land43\" ><img decoding=\"async\" loading=\"lazy\" src=\"https:\/\/mascon.se\/wp-content\/uploads\/\/2020\/11\/adult-education-3812693_640.jpg\" width=\"640\" height=\"426\" alt=\"Medical Courser in sweden\" data-full-image=\"https:\/\/mascon.se\/wp-content\/uploads\/\/2020\/11\/adult-education-3812693_640.jpg\" data-light-image=\"https:\/\/mascon.se\/wp-content\/uploads\/\/2020\/11\/adult-education-3812693_640.jpg\" data-id=\"836\" class=\"wp-image-836 skip-lazy\" srcset=\"https:\/\/mascon.se\/wp-content\/uploads\/2020\/11\/adult-education-3812693_640.jpg 640w, https:\/\/mascon.se\/wp-content\/uploads\/2020\/11\/adult-education-3812693_640-300x200.jpg 300w\" sizes=\"(max-width: 640px) 100vw, 640px\" \/><\/div><\/div><\/figure><\/div><\/div><\/div><\/div><\/div><\/div><\/div><\/div><\/div>\n\n\n<style>.kadence-column1443_fcba72-46 > .kt-inside-inner-col,.kadence-column1443_fcba72-46 > .kt-inside-inner-col:before{border-top-left-radius:0px;border-top-right-radius:0px;border-bottom-right-radius:0px;border-bottom-left-radius:0px;}.kadence-column1443_fcba72-46 > .kt-inside-inner-col:before{opacity:0.3;}.kadence-column1443_fcba72-46{position:relative;}<\/style>\n<div class=\"wp-block-kadence-column kadence-column1443_fcba72-46\"><div class=\"kt-inside-inner-col\"><style>.wp-block-kadence-advancedheading.kt-adv-heading1443_2b40be-02, .wp-block-kadence-advancedheading.kt-adv-heading1443_2b40be-02[data-kb-block=\"kb-adv-heading1443_2b40be-02\"]{display:block;font-style:normal;}.wp-block-kadence-advancedheading.kt-adv-heading1443_2b40be-02 mark, .wp-block-kadence-advancedheading.kt-adv-heading1443_2b40be-02[data-kb-block=\"kb-adv-heading1443_2b40be-02\"] mark{font-style:normal;color:#f76a0c;padding-top:0px;padding-right:0px;padding-bottom:0px;padding-left:0px;}<\/style>\n<span class=\"kt-adv-heading1443_2b40be-02 wp-block-kadence-advancedheading\" data-kb-block=\"kb-adv-heading1443_2b40be-02\">V\u00e5r spr\u00e5kkurser \u00f6ppnar m\u00e5nga m\u00f6jligheter f\u00f6r dig som \u00e4r intresserad av spr\u00e5k och s\u00f6ker ett arbete i Sverige. Du f\u00e5r ocks\u00e5 m\u00f6jlighet till en praktikplats efter avslutat kurs. H\u00e4r har vi kurser b\u00e5de f\u00f6r dig som inte har n\u00e5gra f\u00f6rkunskaper alls men ocks\u00e5 f\u00f6r dig som redan har studerat lite svenska tidigare. V\u00e5r spr\u00e5kkurser \u00e4r indelade i fem niv\u00e5er fr\u00e5n A1 f\u00f6r nyb\u00f6rjare till C1 f\u00f6r personer p\u00e5 avancerad niv\u00e5. Mascons spr\u00e5kutbildning utformad f\u00f6r dig som har en utl\u00e4nsk examen inom v\u00e5rden och vill f\u00f6rbereda dig att arbeta inom sjukv\u00e5rden i Sverige. Genom v\u00e5r intensivutbildning i sjukv\u00e5rdssvenska \u00e4r du ett steg n\u00e4rmare svensk legitimation och ett arbete inom svensk sjukv\u00e5rd. Du ges spr\u00e5kliga verktyg i svenska med fokus p\u00e5 patientkontakt, sjukdomar och \u00e5kommor samt skillnaden mellan v\u00e5rdspr\u00e5k och allm\u00e4nspr\u00e5k. Under kursperioden tr\u00e4nar du svenska som fr\u00e4mmande spr\u00e5k, motsvarande gymnasiekurserna Svenska som andraspr\u00e5k. V\u00e5r l\u00e4rare blandar grammatik med l\u00e4s- och h\u00f6rf\u00f6rst\u00e5else och textuppbyggnad samt olika s\u00e4tt att tr\u00e4na upp talet och konversation f\u00f6rm\u00e5gan. Vi anv\u00e4nder b\u00e5de l\u00e4rob\u00f6cker, autentiska texter, radio- och TV-program, ofta med fokus p\u00e5 v\u00e5rd- och h\u00e4lsofr\u00e5gor.<\/span>\n\n\n\n<p><\/p>\n\n\n\n<figure class=\"wp-block-image aligncenter size-large\"><img decoding=\"async\" loading=\"lazy\" width=\"1024\" height=\"433\" src=\"https:\/\/mascon.se\/wp-content\/uploads\/\/2023\/11\/image-1024x433.png\" alt=\"\" class=\"wp-image-1477\" srcset=\"https:\/\/mascon.se\/wp-content\/uploads\/2023\/11\/image-1024x433.png 1024w, https:\/\/mascon.se\/wp-content\/uploads\/2023\/11\/image-300x127.png 300w, https:\/\/mascon.se\/wp-content\/uploads\/2023\/11\/image-768x325.png 768w, https:\/\/mascon.se\/wp-content\/uploads\/2023\/11\/image.png 1483w\" sizes=\"(max-width: 1024px) 100vw, 1024px\" \/><\/figure>\n\n\n<style>.kadence-column1443_0d19af-f0 > .kt-inside-inner-col,.kadence-column1443_0d19af-f0 > .kt-inside-inner-col:before{border-top-left-radius:0px;border-top-right-radius:0px;border-bottom-right-radius:0px;border-bottom-left-radius:0px;}.kadence-column1443_0d19af-f0 > .kt-inside-inner-col:before{opacity:0.3;}.kadence-column1443_0d19af-f0{position:relative;}<\/style>\n<div class=\"wp-block-kadence-column kadence-column1443_0d19af-f0\"><div class=\"kt-inside-inner-col\">\n<h1 class=\"wp-block-heading has--font-size\">H\u00e4r kan du anm\u00e4la dig till kursen&#8230;<\/h1>\n<\/div><\/div>\n\n\n<style>.kadence-column1443_01756d-7f > .kt-inside-inner-col{padding-top:40px;padding-right:40px;padding-bottom:40px;padding-left:40px;}.kadence-column1443_01756d-7f > .kt-inside-inner-col,.kadence-column1443_01756d-7f > .kt-inside-inner-col:before{border-top-left-radius:10px;border-top-right-radius:10px;border-bottom-right-radius:10px;border-bottom-left-radius:10px;}.kadence-column1443_01756d-7f > .kt-inside-inner-col{background-color:var(--global-palette8, #F7FAFC);}.kadence-column1443_01756d-7f > .kt-inside-inner-col:before{opacity:0.3;}.kadence-column1443_01756d-7f{position:relative;}<\/style>\n<div class=\"wp-block-kadence-column kadence-column1443_01756d-7f\"><div class=\"kt-inside-inner-col\">\n<div class=\"wp-block-columns is-layout-flex wp-container-2 wp-block-columns-is-layout-flex\">\n<div class=\"wp-block-column is-layout-flow wp-block-column-is-layout-flow\" style=\"flex-basis:100%\"><style>.kadence-form-1443_3e222e-13 .kb-form .kadence-blocks-form-field .kb-text-style-field, .kadence-form-1443_3e222e-13 .kb-form .kadence-blocks-form-field .kb-select-style-field{color:var(--global-palette5, #4A5568);font-size:16px;line-height:22px;background:var(--global-palette9, #ffffff);border-color:rgba(113, 128, 150, 0.1);}.kadence-form-1443_3e222e-13 .kb-form .kadence-blocks-form-field .kb-text-style-field:focus, .kadence-form-1443_3e222e-13 .kb-form .kadence-blocks-form-field .kb-select-style-field:focus{color:var(--global-palette4, #2D3748);border-color:var(--global-palette5, #4A5568);background:var(--global-palette9, #ffffff);}.kadence-form-1443_3e222e-13 .kb-form .kadence-blocks-form-field .kb-forms-submit{color:#ffffff;border-radius:50px;background:var(--global-palette1, #3182CE);}.kadence-form-1443_3e222e-13 .kb-form .kadence-blocks-form-field .kb-forms-submit:hover, .kadence-form-1443_3e222e-13 .kb-form .kadence-blocks-form-field .kb-forms-submit:focus {color:#1a202c;background:var(--global-palette2, #2B6CB0);}<\/style>\n<div class=\"wp-block-kadence-form kadence-form-1443_3e222e-13 kb-form-wrap\"><form class=\"kb-form\" action=\"\" method=\"post\" data-trp-original-action=\"\"><div class=\"kadence-blocks-form-field kb-field-desk-width-100 kb-input-size-standard\"><input name=\"kb_field_0\" id=\"kb_field_1443_3e222e-13_0\" data-label=\"Name\" type=\"text\" placeholder=\"Namn och efternamn\" value=\"\" data-type=\"text\" class=\"kb-field kb-text-style-field kb-text-field kb-field-0\"\/><\/div><div class=\"kadence-blocks-form-field kb-form-field-1 kb-field-desk-width-100 kb-input-size-standard\"><input name=\"kb_field_1\" id=\"kb_field_1443_3e222e-13_1\" data-label=\"Email\" type=\"email\" placeholder=\"Email\" value=\"\" data-type=\"email\" class=\"kb-field kb-text-style-field kb-email-field kb-field-1\" data-required=\"yes\"\/><\/div><div class=\"kadence-blocks-form-field kb-form-field-2 kb-field-desk-width-100 kb-input-size-standard\"><input name=\"kb_field_2\" id=\"kb_field_1443_3e222e-13_2\" data-label=\"Telefonnummer\" type=\"text\" placeholder=\"Telefonnummer\" value=\"\" data-type=\"text\" class=\"kb-field kb-text-style-field kb-text-field kb-field-2\" data-required=\"yes\"\/><\/div><div class=\"kadence-blocks-form-field kb-form-field-3 kb-field-desk-width-100 kb-input-size-standard\"><input name=\"kb_field_3\" id=\"kb_field_1443_3e222e-13_3\" data-label=\"\" type=\"text\" placeholder=\"Utbildning\" value=\"\" data-type=\"text\" class=\"kb-field kb-text-style-field kb-text-field kb-field-3\"\/><\/div><input type=\"hidden\" name=\"_kb_form_id\" value=\"1443_3e222e-13\"\/><input type=\"hidden\" name=\"_kb_form_post_id\" value=\"1443\"\/><input type=\"hidden\" name=\"action\" value=\"kb_process_ajax_submit\"\/><input class=\"kadence-blocks-field verify\" type=\"text\" name=\"_kb_verify_email\" autocomplete=\"new-password\" aria-hidden=\"true\" placeholder=\"Email\" tabindex=\"-1\" data-1p-ignore=\"true\" data-lpignore=\"true\" \/><div class=\"kadence-blocks-form-field kb-submit-field kb-field-desk-width-100\"><button class=\"kb-forms-submit button kb-button-size-standard kb-button-width-auto\">Skicka<\/button><\/div><input type=\"hidden\" name=\"trp-form-language\" value=\"en\"\/><\/form><\/div>\n<noscript><div class=\"kadence-blocks-form-message kadence-blocks-form-warning\">Please enable JavaScript in your browser to submit the form<\/div><style>.kadence-form-1443_3e222e-13 .kadence-blocks-form-field.kb-submit-field { display: none; }<\/style><\/noscript><\/div>\n<\/div>\n<\/div><\/div>\n\n\n\n<p><\/p>\n<\/div><\/div>\n\n<\/div><\/div>","protected":false},"excerpt":{"rendered":"<p>V\u00e5r spr\u00e5kkurser \u00f6ppnar m\u00e5nga m\u00f6jligheter f\u00f6r dig som \u00e4r intresserad av spr\u00e5k och s\u00f6ker ett arbete i Sverige. Du f\u00e5r ocks\u00e5 m\u00f6jlighet till en praktikplats efter avslutat kurs. H\u00e4r har vi kurser b\u00e5de f\u00f6r dig som inte har n\u00e5gra f\u00f6rkunskaper alls men ocks\u00e5 f\u00f6r dig som redan har studerat lite svenska tidigare. V\u00e5r spr\u00e5kkurser \u00e4r&#8230;<\/p>","protected":false},"author":1,"featured_media":0,"parent":0,"menu_order":0,"comment_status":"closed","ping_status":"closed","template":"","meta":{"_kad_post_transparent":"","_kad_post_title":"","_kad_post_layout":"","_kad_post_sidebar_id":"","_kad_post_content_style":"","_kad_post_vertical_padding":"","_kad_post_feature":"","_kad_post_feature_position":"","_kad_post_header":false,"_kad_post_footer":false,"_kad_post_classname":"","footnotes":""},"_links":{"self":[{"href":"https:\/\/mascon.se\/en\/wp-json\/wp\/v2\/pages\/1443"}],"collection":[{"href":"https:\/\/mascon.se\/en\/wp-json\/wp\/v2\/pages"}],"about":[{"href":"https:\/\/mascon.se\/en\/wp-json\/wp\/v2\/types\/page"}],"author":[{"embeddable":true,"href":"https:\/\/mascon.se\/en\/wp-json\/wp\/v2\/users\/1"}],"replies":[{"embeddable":true,"href":"https:\/\/mascon.se\/en\/wp-json\/wp\/v2\/comments?post=1443"}],"version-history":[{"count":9,"href":"https:\/\/mascon.se\/en\/wp-json\/wp\/v2\/pages\/1443\/revisions"}],"predecessor-version":[{"id":1613,"href":"https:\/\/mascon.se\/en\/wp-json\/wp\/v2\/pages\/1443\/revisions\/1613"}],"wp:attachment":[{"href":"https:\/\/mascon.se\/en\/wp-json\/wp\/v2\/media?parent=1443"}],"curies":[{"name":"wp","href":"https:\/\/api.w.org\/{rel}","templated":true}]}}